{"id":2,"date":"2018-11-21T11:37:14","date_gmt":"2018-11-21T11:37:14","guid":{"rendered":"http:\/\/www.eakad.ee\/voru\/?page_id=2"},"modified":"2019-03-01T10:26:36","modified_gmt":"2019-03-01T10:26:36","slug":"kontakt","status":"publish","type":"page","link":"http:\/\/www.eakad.ee\/voru\/kontakt\/","title":{"rendered":"Kontakt"},"content":{"rendered":"<table width=\"611\">\n<tbody>\n<tr>\n<td width=\"265\">V\u00f5rumaa Pension\u00e4ride \u00dching<\/td>\n<td width=\"76\"><\/td>\n<td width=\"28\"><\/td>\n<td width=\"286\">Lembitu 2, 65609\u00a0 V\u00f5ru linn<\/td>\n<td width=\"177\">5147 142 kersti.maesaar@gmail.com<\/td>\n<td width=\"77\">Kersti M\u00e4esaar<\/td>\n<\/tr>\n<\/tbody>\n<\/table>\n","protected":false},"excerpt":{"rendered":"<p>V\u00f5rumaa Pension\u00e4ride \u00dching Lembitu 2, 65609\u00a0 V\u00f5ru linn 5147 142 kersti.maesaar@gmail.com Kersti M\u00e4esaar<\/p>\n","protected":false},"author":3,"featured_media":0,"parent":0,"menu_order":0,"comment_status":"closed","ping_status":"open","template":"","meta":{"footnotes":""},"class_list":["post-2","page","type-page","status-publish","hentry"],"_links":{"self":[{"href":"http:\/\/www.eakad.ee\/voru\/wp-json\/wp\/v2\/pages\/2","targetHints":{"allow":["GET"]}}],"collection":[{"href":"http:\/\/www.eakad.ee\/voru\/wp-json\/wp\/v2\/pages"}],"about":[{"href":"http:\/\/www.eakad.ee\/voru\/wp-json\/wp\/v2\/types\/page"}],"author":[{"embeddable":true,"href":"http:\/\/www.eakad.ee\/voru\/wp-json\/wp\/v2\/users\/3"}],"replies":[{"embeddable":true,"href":"http:\/\/www.eakad.ee\/voru\/wp-json\/wp\/v2\/comments?post=2"}],"version-history":[{"count":5,"href":"http:\/\/www.eakad.ee\/voru\/wp-json\/wp\/v2\/pages\/2\/revisions"}],"predecessor-version":[{"id":26,"href":"http:\/\/www.eakad.ee\/voru\/wp-json\/wp\/v2\/pages\/2\/revisions\/26"}],"wp:attachment":[{"href":"http:\/\/www.eakad.ee\/voru\/wp-json\/wp\/v2\/media?parent=2"}],"curies":[{"name":"wp","href":"https:\/\/api.w.org\/{rel}","templated":true}]}}