{"id":2,"date":"2019-03-01T06:51:49","date_gmt":"2019-03-01T06:51:49","guid":{"rendered":"http:\/\/www.eakad.ee\/saaremaakonnape\/?page_id=2"},"modified":"2019-03-01T06:59:47","modified_gmt":"2019-03-01T06:59:47","slug":"kontakt","status":"publish","type":"page","link":"http:\/\/www.eakad.ee\/saaremaakonnape\/kontakt\/","title":{"rendered":"Kontakt"},"content":{"rendered":"<p>SAARE MAAKONNA PENSION\u00c4RIDE \u00dcHENDUS<\/p>\n<p>&nbsp;<\/p>\n<p>Registrikood 80020910<\/p>\n<p>Esmakande aeg: 20.01.1998<\/p>\n<p>\u00d5iguslik\u00a0 vorm: Mittetulundus\u00fching<\/p>\n<p>Aadress: Saare maakond, Saaremaa vald, Kuressaare linn, Tolli tn 9, 93817<\/p>\n<p>&nbsp;<\/p>\n<p>KONTAKT<\/p>\n<p>JUHATUS<\/p>\n<p>&nbsp;<\/p>\n<ol>\n<li>Aili Juhkam <em>juhkam@gmail.com\u00a0 (juhatuse esimees) tel. 5041394<\/em><\/li>\n<li>Ants Kangur <em>kangurants@hot.ee<\/em><\/li>\n<li>Luule Aadussoo <em>iide@hot. ee<\/em><\/li>\n<li>Saima Saarela <em>saimasaarela@hot.ee<\/em><\/li>\n<li>Valve Reede \u00a0\u00a0\u00a0\u00a0<em><a href=\"mailto:valve.reede@mail.ee\">reede@mail.ee<\/a><\/em><\/li>\n<\/ol>\n<p>Operatiivsema sidususe juhatuse ja piirkondade vahel aitab saavutada piirkondadest valitud 21-liikmeline volikogu.<\/p>\n","protected":false},"excerpt":{"rendered":"<p>SAARE MAAKONNA PENSION\u00c4RIDE \u00dcHENDUS &nbsp; Registrikood 80020910 Esmakande aeg: 20.01.1998 \u00d5iguslik\u00a0 vorm: Mittetulundus\u00fching Aadress: Saare maakond, Saaremaa vald, Kuressaare linn, Tolli tn 9, 93817 &nbsp; KONTAKT JUHATUS &nbsp; Aili Juhkam juhkam@gmail.com\u00a0 (juhatuse esimees) tel. 5041394 Ants Kangur kangurants@hot.ee Luule Aadussoo &hellip; <a href=\"http:\/\/www.eakad.ee\/saaremaakonnape\/kontakt\/\">Continue reading <span class=\"meta-nav\">&rarr;<\/span><\/a><\/p>\n","protected":false},"author":3,"featured_media":0,"parent":0,"menu_order":0,"comment_status":"closed","ping_status":"open","template":"","meta":{"footnotes":""},"class_list":["post-2","page","type-page","status-publish","hentry"],"_links":{"self":[{"href":"http:\/\/www.eakad.ee\/saaremaakonnape\/wp-json\/wp\/v2\/pages\/2","targetHints":{"allow":["GET"]}}],"collection":[{"href":"http:\/\/www.eakad.ee\/saaremaakonnape\/wp-json\/wp\/v2\/pages"}],"about":[{"href":"http:\/\/www.eakad.ee\/saaremaakonnape\/wp-json\/wp\/v2\/types\/page"}],"author":[{"embeddable":true,"href":"http:\/\/www.eakad.ee\/saaremaakonnape\/wp-json\/wp\/v2\/users\/3"}],"replies":[{"embeddable":true,"href":"http:\/\/www.eakad.ee\/saaremaakonnape\/wp-json\/wp\/v2\/comments?post=2"}],"version-history":[{"count":1,"href":"http:\/\/www.eakad.ee\/saaremaakonnape\/wp-json\/wp\/v2\/pages\/2\/revisions"}],"predecessor-version":[{"id":10,"href":"http:\/\/www.eakad.ee\/saaremaakonnape\/wp-json\/wp\/v2\/pages\/2\/revisions\/10"}],"wp:attachment":[{"href":"http:\/\/www.eakad.ee\/saaremaakonnape\/wp-json\/wp\/v2\/media?parent=2"}],"curies":[{"name":"wp","href":"https:\/\/api.w.org\/{rel}","templated":true}]}}