{"id":19,"date":"2019-10-04T17:56:11","date_gmt":"2019-10-04T17:56:11","guid":{"rendered":"http:\/\/www.eakad.ee\/saaremaakonnape\/?page_id=19"},"modified":"2019-10-06T16:54:05","modified_gmt":"2019-10-06T16:54:05","slug":"fotod-2019","status":"publish","type":"page","link":"http:\/\/www.eakad.ee\/saaremaakonnape\/fotod-2019\/","title":{"rendered":"Fotod 2019"},"content":{"rendered":"\n<p><strong> <em>Saarema pension\u00e4ride \u00fchenduse 20. aastap\u00e4ev <\/em><\/strong><\/p>\n\n\n\n<p>Fotode autor: <em>Maanus Masing (Saarte H\u00e4\u00e4l).<\/em><\/p>\n\n\n\n<ul class=\"wp-block-gallery columns-1 is-cropped wp-block-gallery-1 is-layout-flex wp-block-gallery-is-layout-flex\"><li class=\"blocks-gallery-item\"><figure><img loading=\"lazy\" decoding=\"async\" width=\"1024\" height=\"683\" src=\"http:\/\/www.eakad.ee\/saaremaakonnape\/wp-content\/uploads\/sites\/25\/2019\/10\/IMG_6378-1-1024x683.jpg\" alt=\"\" data-id=\"23\" data-link=\"http:\/\/www.eakad.ee\/saaremaakonnape\/?attachment_id=23\" class=\"wp-image-23\" srcset=\"http:\/\/www.eakad.ee\/saaremaakonnape\/wp-content\/uploads\/sites\/25\/2019\/10\/IMG_6378-1-1024x683.jpg 1024w, http:\/\/www.eakad.ee\/saaremaakonnape\/wp-content\/uploads\/sites\/25\/2019\/10\/IMG_6378-1-300x200.jpg 300w, http:\/\/www.eakad.ee\/saaremaakonnape\/wp-content\/uploads\/sites\/25\/2019\/10\/IMG_6378-1-768x512.jpg 768w, http:\/\/www.eakad.ee\/saaremaakonnape\/wp-content\/uploads\/sites\/25\/2019\/10\/IMG_6378-1-450x300.jpg 450w, http:\/\/www.eakad.ee\/saaremaakonnape\/wp-content\/uploads\/sites\/25\/2019\/10\/IMG_6378-1.jpg 1125w\" sizes=\"auto, (max-width: 1024px) 100vw, 1024px\" \/><\/figure><\/li><li class=\"blocks-gallery-item\"><figure><img loading=\"lazy\" decoding=\"async\" width=\"1024\" height=\"683\" src=\"http:\/\/www.eakad.ee\/saaremaakonnape\/wp-content\/uploads\/sites\/25\/2019\/10\/IMG_6382-1-1024x683.jpg\" alt=\"\" data-id=\"24\" data-link=\"http:\/\/www.eakad.ee\/saaremaakonnape\/?attachment_id=24\" class=\"wp-image-24\" srcset=\"http:\/\/www.eakad.ee\/saaremaakonnape\/wp-content\/uploads\/sites\/25\/2019\/10\/IMG_6382-1-1024x683.jpg 1024w, http:\/\/www.eakad.ee\/saaremaakonnape\/wp-content\/uploads\/sites\/25\/2019\/10\/IMG_6382-1-300x200.jpg 300w, http:\/\/www.eakad.ee\/saaremaakonnape\/wp-content\/uploads\/sites\/25\/2019\/10\/IMG_6382-1-768x512.jpg 768w, http:\/\/www.eakad.ee\/saaremaakonnape\/wp-content\/uploads\/sites\/25\/2019\/10\/IMG_6382-1-450x300.jpg 450w, http:\/\/www.eakad.ee\/saaremaakonnape\/wp-content\/uploads\/sites\/25\/2019\/10\/IMG_6382-1.jpg 1125w\" sizes=\"auto, (max-width: 1024px) 100vw, 1024px\" \/><\/figure><\/li><li class=\"blocks-gallery-item\"><figure><img loading=\"lazy\" decoding=\"async\" width=\"1024\" height=\"683\" src=\"http:\/\/www.eakad.ee\/saaremaakonnape\/wp-content\/uploads\/sites\/25\/2019\/10\/IMG_6403-1-1024x683.jpg\" alt=\"\" data-id=\"25\" data-link=\"http:\/\/www.eakad.ee\/saaremaakonnape\/?attachment_id=25\" class=\"wp-image-25\" srcset=\"http:\/\/www.eakad.ee\/saaremaakonnape\/wp-content\/uploads\/sites\/25\/2019\/10\/IMG_6403-1-1024x683.jpg 1024w, http:\/\/www.eakad.ee\/saaremaakonnape\/wp-content\/uploads\/sites\/25\/2019\/10\/IMG_6403-1-300x200.jpg 300w, http:\/\/www.eakad.ee\/saaremaakonnape\/wp-content\/uploads\/sites\/25\/2019\/10\/IMG_6403-1-768x512.jpg 768w, http:\/\/www.eakad.ee\/saaremaakonnape\/wp-content\/uploads\/sites\/25\/2019\/10\/IMG_6403-1-450x300.jpg 450w, http:\/\/www.eakad.ee\/saaremaakonnape\/wp-content\/uploads\/sites\/25\/2019\/10\/IMG_6403-1.jpg 1125w\" sizes=\"auto, (max-width: 1024px) 100vw, 1024px\" \/><\/figure><\/li><li class=\"blocks-gallery-item\"><figure><img loading=\"lazy\" decoding=\"async\" width=\"1024\" height=\"683\" src=\"http:\/\/www.eakad.ee\/saaremaakonnape\/wp-content\/uploads\/sites\/25\/2019\/10\/IMG_6444-1024x683.jpg\" alt=\"\" data-id=\"26\" data-link=\"http:\/\/www.eakad.ee\/saaremaakonnape\/?attachment_id=26\" class=\"wp-image-26\" srcset=\"http:\/\/www.eakad.ee\/saaremaakonnape\/wp-content\/uploads\/sites\/25\/2019\/10\/IMG_6444-1024x683.jpg 1024w, http:\/\/www.eakad.ee\/saaremaakonnape\/wp-content\/uploads\/sites\/25\/2019\/10\/IMG_6444-300x200.jpg 300w, http:\/\/www.eakad.ee\/saaremaakonnape\/wp-content\/uploads\/sites\/25\/2019\/10\/IMG_6444-768x512.jpg 768w, http:\/\/www.eakad.ee\/saaremaakonnape\/wp-content\/uploads\/sites\/25\/2019\/10\/IMG_6444-450x300.jpg 450w, http:\/\/www.eakad.ee\/saaremaakonnape\/wp-content\/uploads\/sites\/25\/2019\/10\/IMG_6444.jpg 1125w\" sizes=\"auto, (max-width: 1024px) 100vw, 1024px\" \/><\/figure><\/li><li class=\"blocks-gallery-item\"><figure><img loading=\"lazy\" decoding=\"async\" width=\"1024\" height=\"683\" src=\"http:\/\/www.eakad.ee\/saaremaakonnape\/wp-content\/uploads\/sites\/25\/2019\/10\/IMG_6482-1024x683.jpg\" alt=\"\" data-id=\"27\" data-link=\"http:\/\/www.eakad.ee\/saaremaakonnape\/?attachment_id=27\" class=\"wp-image-27\" srcset=\"http:\/\/www.eakad.ee\/saaremaakonnape\/wp-content\/uploads\/sites\/25\/2019\/10\/IMG_6482-1024x683.jpg 1024w, http:\/\/www.eakad.ee\/saaremaakonnape\/wp-content\/uploads\/sites\/25\/2019\/10\/IMG_6482-300x200.jpg 300w, http:\/\/www.eakad.ee\/saaremaakonnape\/wp-content\/uploads\/sites\/25\/2019\/10\/IMG_6482-768x512.jpg 768w, http:\/\/www.eakad.ee\/saaremaakonnape\/wp-content\/uploads\/sites\/25\/2019\/10\/IMG_6482-450x300.jpg 450w, http:\/\/www.eakad.ee\/saaremaakonnape\/wp-content\/uploads\/sites\/25\/2019\/10\/IMG_6482.jpg 1125w\" sizes=\"auto, (max-width: 1024px) 100vw, 1024px\" \/><\/figure><\/li><li class=\"blocks-gallery-item\"><figure><img loading=\"lazy\" decoding=\"async\" width=\"1024\" height=\"683\" src=\"http:\/\/www.eakad.ee\/saaremaakonnape\/wp-content\/uploads\/sites\/25\/2019\/10\/IMG_6369-1024x683.jpg\" alt=\"\" data-id=\"28\" data-link=\"http:\/\/www.eakad.ee\/saaremaakonnape\/?attachment_id=28\" class=\"wp-image-28\" srcset=\"http:\/\/www.eakad.ee\/saaremaakonnape\/wp-content\/uploads\/sites\/25\/2019\/10\/IMG_6369-1024x683.jpg 1024w, http:\/\/www.eakad.ee\/saaremaakonnape\/wp-content\/uploads\/sites\/25\/2019\/10\/IMG_6369-300x200.jpg 300w, http:\/\/www.eakad.ee\/saaremaakonnape\/wp-content\/uploads\/sites\/25\/2019\/10\/IMG_6369-768x512.jpg 768w, http:\/\/www.eakad.ee\/saaremaakonnape\/wp-content\/uploads\/sites\/25\/2019\/10\/IMG_6369-450x300.jpg 450w, http:\/\/www.eakad.ee\/saaremaakonnape\/wp-content\/uploads\/sites\/25\/2019\/10\/IMG_6369.jpg 1125w\" sizes=\"auto, (max-width: 1024px) 100vw, 1024px\" \/><\/figure><\/li><\/ul>\n","protected":false},"excerpt":{"rendered":"<p>Saarema pension\u00e4ride \u00fchenduse 20. aastap\u00e4ev Fotode autor: Maanus Masing (Saarte H\u00e4\u00e4l).<\/p>\n","protected":false},"author":1,"featured_media":0,"parent":0,"menu_order":0,"comment_status":"closed","ping_status":"closed","template":"","meta":{"footnotes":""},"class_list":["post-19","page","type-page","status-publish","hentry"],"_links":{"self":[{"href":"http:\/\/www.eakad.ee\/saaremaakonnape\/wp-json\/wp\/v2\/pages\/19","targetHints":{"allow":["GET"]}}],"collection":[{"href":"http:\/\/www.eakad.ee\/saaremaakonnape\/wp-json\/wp\/v2\/pages"}],"about":[{"href":"http:\/\/www.eakad.ee\/saaremaakonnape\/wp-json\/wp\/v2\/types\/page"}],"author":[{"embeddable":true,"href":"http:\/\/www.eakad.ee\/saaremaakonnape\/wp-json\/wp\/v2\/users\/1"}],"replies":[{"embeddable":true,"href":"http:\/\/www.eakad.ee\/saaremaakonnape\/wp-json\/wp\/v2\/comments?post=19"}],"version-history":[{"count":3,"href":"http:\/\/www.eakad.ee\/saaremaakonnape\/wp-json\/wp\/v2\/pages\/19\/revisions"}],"predecessor-version":[{"id":31,"href":"http:\/\/www.eakad.ee\/saaremaakonnape\/wp-json\/wp\/v2\/pages\/19\/revisions\/31"}],"wp:attachment":[{"href":"http:\/\/www.eakad.ee\/saaremaakonnape\/wp-json\/wp\/v2\/media?parent=19"}],"curies":[{"name":"wp","href":"https:\/\/api.w.org\/{rel}","templated":true}]}}