{"id":16,"date":"2019-10-02T14:22:45","date_gmt":"2019-10-02T14:22:45","guid":{"rendered":"http:\/\/www.eakad.ee\/saaremaakonnape\/?page_id=16"},"modified":"2019-10-02T14:22:45","modified_gmt":"2019-10-02T14:22:45","slug":"2019-2","status":"publish","type":"page","link":"http:\/\/www.eakad.ee\/saaremaakonnape\/2019-2\/","title":{"rendered":"2019"},"content":{"rendered":"\n<p>Saremaa Pension\u00e4ride \u00fchenduse\nt\u00f6\u00f6plaan<\/p>\n\n\n\n<p>2019. Aasta<\/p>\n\n\n\n<ol class=\"wp-block-list\"><li>Jaanuar-Saaremaa pension\u00e4ride\n\u00dchenduse \u00fcrituste plaani koostamine ja avaldamine.<\/li><li>5.02-\u00f5ppep\u00e4ev volinikele -\u201eToetuste\nliigid ja taotlemine\u201c-Saaremaa valla arenguosakonna juhataja. \u2013 Karin N\u00e4rep<\/li><li>7.03-Saaremaa piirkondade volinike\nkohtumine Salmel. Naistep\u00e4eva t\u00e4histamine, tutvumine Eesti Vabariik 100 raames\navaldatud luuleraamatuga \u201eReede riimid\u201c .<\/li><li>24.04-Saaremaa seenioride ekskursioon\nTallinna. (Meremuuseumi, Orlovi lossi, k\u00fc\u00fcditatute memoriaali ja Oleviste\nkiriku k\u00fclastus.)<\/li><li>14.05- Saaremaa piirkonna volinike\nv\u00e4ljas\u00f5it L\u00fcmandasse, (tutvumine kohaliku elu edendajatega (lubjapark, Orbu\ntalu siirupiemandad, Varpe k\u00fcla, Mart Maastiku turismitalu. Salme seenioride\nn\u00e4idendi \u201e\u00dche \u00f6\u00f6 saladused\u201c esietendus.)<\/li><li>26.-27.06- Kuressaare seenioride\nekskursioon Kagu- Eestisse ( Elva, P\u00f5lva ja Otep\u00e4\u00e4).<\/li><li>10.-11.07-Saaremaa seenioride&nbsp; ekskursioon Viljandi- ja Tartumaale, (vaatamisv\u00e4\u00e4rsused\nja ERM-i k\u00fclastus.)<\/li><li>15.-16.-17. 08-Saaremaa seenioride\nekskursioon Ida- Virumaale&nbsp; koos \u201eKremli\n\u00f6\u00f6bikute\u201c vaatamisega.<\/li><li>15.09- Saaremaa Pernsion\u00e4ride\n\u00fchenduse 20. aastap\u00e4eva t\u00e4histamine Kuressaare spordikeskuses.<\/li><li>24.-25. \u2013 Kuressare seenioride\nerikruiis Stockholmi.<\/li><li>&nbsp;\nOkt, nov &#8211; Eakate n\u00f5ukogu moodustamine koost\u00f6\u00f6s vallaga.<\/li><li> 12-15. 11- Tervisepakett P\u00e4rnu\nsanatooriumisse \u201eTervis\u201c.<\/li><li>&nbsp;\n20. 12 \u2013 Volinike j\u00f5ulul\u00f5una, kokkuv\u00f5tted aastast, ettepanekud uue aasta\nt\u00f6\u00f6plaani koostamiseks.<\/li><\/ol>\n","protected":false},"excerpt":{"rendered":"<p>Saremaa Pension\u00e4ride \u00fchenduse t\u00f6\u00f6plaan 2019. Aasta Jaanuar-Saaremaa pension\u00e4ride \u00dchenduse \u00fcrituste plaani koostamine ja avaldamine. 5.02-\u00f5ppep\u00e4ev volinikele -\u201eToetuste liigid ja taotlemine\u201c-Saaremaa valla arenguosakonna juhataja. \u2013 Karin N\u00e4rep 7.03-Saaremaa piirkondade volinike kohtumine Salmel. Naistep\u00e4eva t\u00e4histamine, tutvumine Eesti Vabariik 100 raames avaldatud luuleraamatuga &hellip; <a href=\"http:\/\/www.eakad.ee\/saaremaakonnape\/2019-2\/\">Continue reading <span class=\"meta-nav\">&rarr;<\/span><\/a><\/p>\n","protected":false},"author":1,"featured_media":0,"parent":0,"menu_order":0,"comment_status":"closed","ping_status":"closed","template":"","meta":{"footnotes":""},"class_list":["post-16","page","type-page","status-publish","hentry"],"_links":{"self":[{"href":"http:\/\/www.eakad.ee\/saaremaakonnape\/wp-json\/wp\/v2\/pages\/16","targetHints":{"allow":["GET"]}}],"collection":[{"href":"http:\/\/www.eakad.ee\/saaremaakonnape\/wp-json\/wp\/v2\/pages"}],"about":[{"href":"http:\/\/www.eakad.ee\/saaremaakonnape\/wp-json\/wp\/v2\/types\/page"}],"author":[{"embeddable":true,"href":"http:\/\/www.eakad.ee\/saaremaakonnape\/wp-json\/wp\/v2\/users\/1"}],"replies":[{"embeddable":true,"href":"http:\/\/www.eakad.ee\/saaremaakonnape\/wp-json\/wp\/v2\/comments?post=16"}],"version-history":[{"count":1,"href":"http:\/\/www.eakad.ee\/saaremaakonnape\/wp-json\/wp\/v2\/pages\/16\/revisions"}],"predecessor-version":[{"id":17,"href":"http:\/\/www.eakad.ee\/saaremaakonnape\/wp-json\/wp\/v2\/pages\/16\/revisions\/17"}],"wp:attachment":[{"href":"http:\/\/www.eakad.ee\/saaremaakonnape\/wp-json\/wp\/v2\/media?parent=16"}],"curies":[{"name":"wp","href":"https:\/\/api.w.org\/{rel}","templated":true}]}}