{"id":2,"date":"2019-05-29T15:10:23","date_gmt":"2019-05-29T15:10:23","guid":{"rendered":"http:\/\/www.eakad.ee\/rapla-maakonna\/?page_id=2"},"modified":"2019-05-29T15:33:15","modified_gmt":"2019-05-29T15:33:15","slug":"kontakt","status":"publish","type":"page","link":"http:\/\/www.eakad.ee\/rapla-maakonna\/kontakt\/","title":{"rendered":"Kontakt"},"content":{"rendered":"<p><strong>Kontakt<\/strong><\/p>\n<p>Juriidiline nimi &#8211;<strong>Rapla maakonna Pension\u00e4ride \u00dchendus MT\u00dc<\/strong><\/p>\n<p>Juriidiline aadress \u2013 Rapla Viljandi mnt.17<\/p>\n<p>Juhatuse esimees \u2013 Helle Rannamets : helle.rannamets\/at\/gmail.com<\/p>\n<p><strong>Liikmesorganisatsioonid: <\/strong><\/p>\n<p><em>M\u00e4rjamaa Pension\u00e4ride \u00dchendus, <\/em><\/p>\n<p><em>Rapla Linna Pension\u00e4ride Seltsing<\/em><\/p>\n","protected":false},"excerpt":{"rendered":"<p>Kontakt Juriidiline nimi &#8211;Rapla maakonna Pension\u00e4ride \u00dchendus MT\u00dc Juriidiline aadress \u2013 Rapla Viljandi mnt.17 Juhatuse esimees \u2013 Helle Rannamets : helle.rannamets\/at\/gmail.com Liikmesorganisatsioonid: M\u00e4rjamaa Pension\u00e4ride \u00dchendus, Rapla Linna Pension\u00e4ride Seltsing<\/p>\n","protected":false},"author":3,"featured_media":0,"parent":0,"menu_order":0,"comment_status":"closed","ping_status":"open","template":"","meta":{"footnotes":""},"class_list":["post-2","page","type-page","status-publish","hentry"],"_links":{"self":[{"href":"http:\/\/www.eakad.ee\/rapla-maakonna\/wp-json\/wp\/v2\/pages\/2","targetHints":{"allow":["GET"]}}],"collection":[{"href":"http:\/\/www.eakad.ee\/rapla-maakonna\/wp-json\/wp\/v2\/pages"}],"about":[{"href":"http:\/\/www.eakad.ee\/rapla-maakonna\/wp-json\/wp\/v2\/types\/page"}],"author":[{"embeddable":true,"href":"http:\/\/www.eakad.ee\/rapla-maakonna\/wp-json\/wp\/v2\/users\/3"}],"replies":[{"embeddable":true,"href":"http:\/\/www.eakad.ee\/rapla-maakonna\/wp-json\/wp\/v2\/comments?post=2"}],"version-history":[{"count":2,"href":"http:\/\/www.eakad.ee\/rapla-maakonna\/wp-json\/wp\/v2\/pages\/2\/revisions"}],"predecessor-version":[{"id":13,"href":"http:\/\/www.eakad.ee\/rapla-maakonna\/wp-json\/wp\/v2\/pages\/2\/revisions\/13"}],"wp:attachment":[{"href":"http:\/\/www.eakad.ee\/rapla-maakonna\/wp-json\/wp\/v2\/media?parent=2"}],"curies":[{"name":"wp","href":"https:\/\/api.w.org\/{rel}","templated":true}]}}