{"id":2,"date":"2018-11-21T11:18:52","date_gmt":"2018-11-21T11:18:52","guid":{"rendered":"http:\/\/www.eakad.ee\/lvpy\/?page_id=2"},"modified":"2018-12-13T13:43:58","modified_gmt":"2018-12-13T13:43:58","slug":"liikmed","status":"publish","type":"page","link":"http:\/\/www.eakad.ee\/lvpy\/liikmed\/","title":{"rendered":"Liikmed"},"content":{"rendered":"<p>1.Maia Heinsoo Tamsalu &#8211;\u00a0 Igihaljad<br \/>\n<a href=\"makesk@hot.ee\">makesk@hot.ee<\/a>\u00a0 \u00a055971302<\/p>\n<p>2.Anne Lillem\u00e4gi Kadrina &#8211; Kuldne S\u00fcgis<br \/>\n<a href=\"enekaldmaa@hotmail.com\">enekaldmaa@hotmail.com<\/a>\u00a0 5547896<\/p>\n<p>3. Helje Kupler Kunda &#8211; Videvik<br \/>\n53004047<\/p>\n<p>4.Maire Tamm\u00a0 Laekvere &#8211; Meenutus<br \/>\n<a href=\"tamm.maire@gmail.com\">tamm.maire@gmail.com<\/a>\u00a0 \u00a0 55619656<\/p>\n<p>5.Tiiu Kaasik Lehtse\u00a0 &#8211; Ehavalgus<br \/>\n<a href=\"Kaasikotalo@gmail.com\">Kaasikotalo@gmail.com<\/a>\u00a0 56621729<\/p>\n<p>6.Vilve Tombach Pajusti &#8211; M\u00f5ttel\u00f5ng<br \/>\n<a href=\"v.tombach@gmail.com\">v.tombach@gmail.com<\/a>\u00a0 \u00a056463949<\/p>\n<p>7. Elvi Tatrik\u00a0 Rakke &#8211; H\u00f5beniit<br \/>\n58252370<\/p>\n<p>8.Reet Alavere Roela &#8211;\u00a0 Remmelgas<br \/>\n<a href=\"reetalavere@gmail.com\">reetalavere@gmail.com<\/a>\u00a0 \u00a051935250<\/p>\n<p>9.J\u00fcri Kalvet Simuna &#8211; Elur\u00f5\u00f5m<br \/>\n<a href=\"jyrka1936@gmail.com\">jyrka1936@gmail.com<\/a>\u00a0 \u00a056982649<\/p>\n<p>10.Linda Hein S\u00f5meru &#8211;\u00a0 Kanarbik<br \/>\n53364399<\/p>\n<p>11.Anu Soon Viru-Jaagupi &#8211; Elutark<br \/>\n<a href=\"anu.soon@gmail.com\">anu.soon@gmail.com<\/a>\u00a0 \u00a053733603<\/p>\n<p>12.Anne-Liis Talu V\u00e4ike-Maarja &#8211;\u00a0 H\u00e4rmal\u00f5ng<br \/>\n51901043<\/p>\n<p>13.Lii Undusk V\u00f5su &#8211; Meelespea Selts<br \/>\n<a href=\"liiundusk@hot.ee\">liiundusk@hot.ee<\/a>\u00a0 53359340<\/p>\n<p>14.Laine Kuldner\u00a0 Viru-Nigula\u00a0\u00a0&#8211; Maarjahein<br \/>\n<a href=\"laine.kuldner@gmail.com\">laine.kuldner@gmail.com<\/a>\u00a0 56250839<\/p>\n<p>15.Miia R\u00e4mmar\u00a0 Ulvi\u00a0 &#8211;\u00a0 Ajakangas<br \/>\n53315385<\/p>\n<p>16.Ellen T\u00f5evere Haljala &#8211; Rukkilill<br \/>\n<a href=\"ellen.toevere@gmail.com\">ellen.toevere@gmail.com<\/a><\/p>\n<p>17.Anne Raava Tapa &#8211; Kanarbik<br \/>\n<a href=\"anne.raava@hotmail.com\">anne.raava@hotmail.com<\/a>\u00a0 53844843<\/p>\n<p>18.Anu Jonuks Tapa &#8211; MT\u00dc Seenior<br \/>\n<a href=\"ajonuks@gmail.com\">ajonuks@gmail.com<\/a>\u00a0 \u00a053422364<\/p>\n<p>19.Vaike Sein Rakvere &#8211;\u00a0 M\u00e4lum\u00e4ng<br \/>\n58227920<\/p>\n<p>20.Virve Plaasman Rakvere &#8211; \u00d5petajate jututuba<br \/>\n<a href=\"virve.plaasman@mail.ee\">virve.plaasman@mail.ee<\/a>\u00a056560796<\/p>\n<p>21.Endla Kaera Rakvere &#8211; H\u00e4marik<\/p>\n<p>22.Tiiu Alavere Rakvere &#8211; Kuukiir<br \/>\n<a href=\"tiiu.alavere@mail.ee\">tiiu.alavere@mail.ee<\/a>\u00a0 5278162<\/p>\n","protected":false},"excerpt":{"rendered":"<p>1.Maia Heinsoo Tamsalu &#8211;\u00a0 Igihaljad makesk@hot.ee\u00a0 \u00a055971302 2.Anne Lillem\u00e4gi Kadrina &#8211; Kuldne S\u00fcgis enekaldmaa@hotmail.com\u00a0 5547896 3. Helje Kupler Kunda &#8211; Videvik 53004047 4.Maire Tamm\u00a0 Laekvere &#8211; Meenutus tamm.maire@gmail.com\u00a0 \u00a0 55619656 5.Tiiu Kaasik Lehtse\u00a0 &#8211; Ehavalgus Kaasikotalo@gmail.com\u00a0 56621729 6.Vilve Tombach Pajusti &hellip; <a href=\"http:\/\/www.eakad.ee\/lvpy\/liikmed\/\">Continue reading <span class=\"meta-nav\">&rarr;<\/span><\/a><\/p>\n","protected":false},"author":3,"featured_media":0,"parent":0,"menu_order":0,"comment_status":"closed","ping_status":"open","template":"","meta":{"footnotes":""},"class_list":["post-2","page","type-page","status-publish","hentry"],"_links":{"self":[{"href":"http:\/\/www.eakad.ee\/lvpy\/wp-json\/wp\/v2\/pages\/2","targetHints":{"allow":["GET"]}}],"collection":[{"href":"http:\/\/www.eakad.ee\/lvpy\/wp-json\/wp\/v2\/pages"}],"about":[{"href":"http:\/\/www.eakad.ee\/lvpy\/wp-json\/wp\/v2\/types\/page"}],"author":[{"embeddable":true,"href":"http:\/\/www.eakad.ee\/lvpy\/wp-json\/wp\/v2\/users\/3"}],"replies":[{"embeddable":true,"href":"http:\/\/www.eakad.ee\/lvpy\/wp-json\/wp\/v2\/comments?post=2"}],"version-history":[{"count":3,"href":"http:\/\/www.eakad.ee\/lvpy\/wp-json\/wp\/v2\/pages\/2\/revisions"}],"predecessor-version":[{"id":15,"href":"http:\/\/www.eakad.ee\/lvpy\/wp-json\/wp\/v2\/pages\/2\/revisions\/15"}],"wp:attachment":[{"href":"http:\/\/www.eakad.ee\/lvpy\/wp-json\/wp\/v2\/media?parent=2"}],"curies":[{"name":"wp","href":"https:\/\/api.w.org\/{rel}","templated":true}]}}