{"id":19,"date":"2019-10-21T08:51:15","date_gmt":"2019-10-21T08:51:15","guid":{"rendered":"http:\/\/www.eakad.ee\/lvpy\/?page_id=19"},"modified":"2019-10-21T10:48:35","modified_gmt":"2019-10-21T10:48:35","slug":"tegemised","status":"publish","type":"page","link":"http:\/\/www.eakad.ee\/lvpy\/tegemised\/","title":{"rendered":"Tegemised"},"content":{"rendered":"\n<p>Kokkuv\u00f5te 2019.a. suvistest tegemistest L\u00e4\u00e4ne-Virumaa\nPension\u00e4ride \u00dchingus<\/p>\n\n\n\n<p>\u00dchingusse kuulub 23 erinevat seltsi ja \u00fchingut. Korraldasime\n\u00fchiselt ekskursiooni Paide ordulinnusesse j a Vargam\u00e4e maile. Osav\u00f5tjaid\noli&nbsp; 49 .<\/p>\n\n\n\n<p>K\u00f5ikides seltsides toimus \u00fcritusi 70 &#8211; kokku osav\u00f5tjaid\n2032. Igas L\u00e4\u00e4ne-Viru omavalitsuses osalesid pension\u00e4rid laulupeo tule\nvastuv\u00f5tmisel , peale selle veel&nbsp;\nkontserdid , teema\u00f5htud, laadad, maap\u00e4ev. Teatri \u00fchisk\u00fclastusi 14 \u2013 227\nosav\u00f5tjaga. Suurim k\u00fclastatavus etendusel \u201eKremli \u00f6\u00f6bikud\u201c<\/p>\n\n\n\n<p>Ekskursioonidel 20 erinevasse paika osales 507 pension\u00e4ri. (Arvo\nP\u00e4rdi keskus, Sibulatee, Sagadi-Oandu-Altja-K\u00e4smu; J\u00e4rvamaa jne.) <\/p>\n\n\n\n<p>K\u00f5ikides seltsides, \u00fchingutes tegevus j\u00e4tkub. Toimuvad\nigakuulised kokkusaamised. T\u00f6\u00f6d alustab, j\u00e4tkab&nbsp;\n44 ringi 506 osav\u00f5tjaga<\/p>\n\n\n\n<p>T\u00e4psema info saamiseks ja fotode vaatamiseks&nbsp;&nbsp; palun k\u00fclastage KOV \u2013 ide kodulehti.<\/p>\n\n\n\n<ul class=\"wp-block-gallery columns-1 is-cropped wp-block-gallery-1 is-layout-flex wp-block-gallery-is-layout-flex\"><li class=\"blocks-gallery-item\"><figure><img loading=\"lazy\" decoding=\"async\" width=\"1024\" height=\"683\" src=\"http:\/\/www.eakad.ee\/lvpy\/wp-content\/uploads\/sites\/14\/2019\/10\/DSC_0203-min-1-1024x683.jpg\" alt=\"\" data-id=\"32\" data-link=\"http:\/\/www.eakad.ee\/lvpy\/fotod\/dsc_0203-min-1\/\" class=\"wp-image-32\" srcset=\"http:\/\/www.eakad.ee\/lvpy\/wp-content\/uploads\/sites\/14\/2019\/10\/DSC_0203-min-1-1024x683.jpg 1024w, http:\/\/www.eakad.ee\/lvpy\/wp-content\/uploads\/sites\/14\/2019\/10\/DSC_0203-min-1-300x200.jpg 300w, http:\/\/www.eakad.ee\/lvpy\/wp-content\/uploads\/sites\/14\/2019\/10\/DSC_0203-min-1-768x512.jpg 768w, http:\/\/www.eakad.ee\/lvpy\/wp-content\/uploads\/sites\/14\/2019\/10\/DSC_0203-min-1-450x300.jpg 450w\" sizes=\"auto, (max-width: 1024px) 100vw, 1024px\" \/><\/figure><\/li><li class=\"blocks-gallery-item\"><figure><img loading=\"lazy\" decoding=\"async\" width=\"1024\" height=\"768\" src=\"http:\/\/www.eakad.ee\/lvpy\/wp-content\/uploads\/sites\/14\/2019\/10\/IMG_0464-min-1-1024x768.jpg\" alt=\"\" data-id=\"31\" data-link=\"http:\/\/www.eakad.ee\/lvpy\/fotod\/img_0464-min-1\/\" class=\"wp-image-31\" srcset=\"http:\/\/www.eakad.ee\/lvpy\/wp-content\/uploads\/sites\/14\/2019\/10\/IMG_0464-min-1-1024x768.jpg 1024w, http:\/\/www.eakad.ee\/lvpy\/wp-content\/uploads\/sites\/14\/2019\/10\/IMG_0464-min-1-300x225.jpg 300w, http:\/\/www.eakad.ee\/lvpy\/wp-content\/uploads\/sites\/14\/2019\/10\/IMG_0464-min-1-768x576.jpg 768w, http:\/\/www.eakad.ee\/lvpy\/wp-content\/uploads\/sites\/14\/2019\/10\/IMG_0464-min-1-400x300.jpg 400w\" sizes=\"auto, (max-width: 1024px) 100vw, 1024px\" \/><\/figure><\/li><li class=\"blocks-gallery-item\"><figure><img loading=\"lazy\" decoding=\"async\" width=\"1024\" height=\"683\" src=\"http:\/\/www.eakad.ee\/lvpy\/wp-content\/uploads\/sites\/14\/2019\/10\/DSC_0327-min-1-1024x683.jpg\" alt=\"\" data-id=\"30\" data-link=\"http:\/\/www.eakad.ee\/lvpy\/fotod\/dsc_0327-min-1\/\" class=\"wp-image-30\" srcset=\"http:\/\/www.eakad.ee\/lvpy\/wp-content\/uploads\/sites\/14\/2019\/10\/DSC_0327-min-1-1024x683.jpg 1024w, http:\/\/www.eakad.ee\/lvpy\/wp-content\/uploads\/sites\/14\/2019\/10\/DSC_0327-min-1-300x200.jpg 300w, http:\/\/www.eakad.ee\/lvpy\/wp-content\/uploads\/sites\/14\/2019\/10\/DSC_0327-min-1-768x512.jpg 768w, http:\/\/www.eakad.ee\/lvpy\/wp-content\/uploads\/sites\/14\/2019\/10\/DSC_0327-min-1-450x300.jpg 450w\" sizes=\"auto, (max-width: 1024px) 100vw, 1024px\" \/><\/figure><\/li><li class=\"blocks-gallery-item\"><figure><img loading=\"lazy\" decoding=\"async\" width=\"1024\" height=\"683\" src=\"http:\/\/www.eakad.ee\/lvpy\/wp-content\/uploads\/sites\/14\/2019\/10\/DSC_0322-min-1-1024x683.jpg\" alt=\"\" data-id=\"29\" data-link=\"http:\/\/www.eakad.ee\/lvpy\/fotod\/dsc_0322-min-1\/\" class=\"wp-image-29\" srcset=\"http:\/\/www.eakad.ee\/lvpy\/wp-content\/uploads\/sites\/14\/2019\/10\/DSC_0322-min-1-1024x683.jpg 1024w, http:\/\/www.eakad.ee\/lvpy\/wp-content\/uploads\/sites\/14\/2019\/10\/DSC_0322-min-1-300x200.jpg 300w, http:\/\/www.eakad.ee\/lvpy\/wp-content\/uploads\/sites\/14\/2019\/10\/DSC_0322-min-1-768x512.jpg 768w, http:\/\/www.eakad.ee\/lvpy\/wp-content\/uploads\/sites\/14\/2019\/10\/DSC_0322-min-1-450x300.jpg 450w\" sizes=\"auto, (max-width: 1024px) 100vw, 1024px\" \/><\/figure><\/li><\/ul>\n","protected":false},"excerpt":{"rendered":"<p>Kokkuv\u00f5te 2019.a. suvistest tegemistest L\u00e4\u00e4ne-Virumaa Pension\u00e4ride \u00dchingus \u00dchingusse kuulub 23 erinevat seltsi ja \u00fchingut. Korraldasime \u00fchiselt ekskursiooni Paide ordulinnusesse j a Vargam\u00e4e maile. Osav\u00f5tjaid oli&nbsp; 49 . K\u00f5ikides seltsides toimus \u00fcritusi 70 &#8211; kokku osav\u00f5tjaid 2032. Igas L\u00e4\u00e4ne-Viru omavalitsuses osalesid &hellip; <a href=\"http:\/\/www.eakad.ee\/lvpy\/tegemised\/\">Continue reading <span class=\"meta-nav\">&rarr;<\/span><\/a><\/p>\n","protected":false},"author":1,"featured_media":0,"parent":0,"menu_order":0,"comment_status":"closed","ping_status":"closed","template":"","meta":{"footnotes":""},"class_list":["post-19","page","type-page","status-publish","hentry"],"_links":{"self":[{"href":"http:\/\/www.eakad.ee\/lvpy\/wp-json\/wp\/v2\/pages\/19","targetHints":{"allow":["GET"]}}],"collection":[{"href":"http:\/\/www.eakad.ee\/lvpy\/wp-json\/wp\/v2\/pages"}],"about":[{"href":"http:\/\/www.eakad.ee\/lvpy\/wp-json\/wp\/v2\/types\/page"}],"author":[{"embeddable":true,"href":"http:\/\/www.eakad.ee\/lvpy\/wp-json\/wp\/v2\/users\/1"}],"replies":[{"embeddable":true,"href":"http:\/\/www.eakad.ee\/lvpy\/wp-json\/wp\/v2\/comments?post=19"}],"version-history":[{"count":2,"href":"http:\/\/www.eakad.ee\/lvpy\/wp-json\/wp\/v2\/pages\/19\/revisions"}],"predecessor-version":[{"id":38,"href":"http:\/\/www.eakad.ee\/lvpy\/wp-json\/wp\/v2\/pages\/19\/revisions\/38"}],"wp:attachment":[{"href":"http:\/\/www.eakad.ee\/lvpy\/wp-json\/wp\/v2\/media?parent=19"}],"curies":[{"name":"wp","href":"https:\/\/api.w.org\/{rel}","templated":true}]}}