{"id":15,"date":"2018-12-13T07:04:52","date_gmt":"2018-12-13T07:04:52","guid":{"rendered":"http:\/\/www.eakad.ee\/jogeva\/?page_id=15"},"modified":"2018-12-13T07:04:52","modified_gmt":"2018-12-13T07:04:52","slug":"liikmed","status":"publish","type":"page","link":"http:\/\/www.eakad.ee\/jogeva\/liikmed\/","title":{"rendered":"Liikmed"},"content":{"rendered":"<p>Haruorganisatsioonid<\/p>\n<ol>\n<li>MT\u00dc J\u00f5geva Linna P\/\u00dc<\/li>\n<li>MT\u00dc P\u00f5ltsamaa Linna P\/\u00dc<\/li>\n<li>Mustvee Linna P\/\u00dc seltsing<\/li>\n<li>Adavere<\/li>\n<li>Esku<\/li>\n<li>Kaarepere<\/li>\n<li>Kuremaa<\/li>\n<li>Laiuse<\/li>\n<li>Pajusi<\/li>\n<li>Palamuse<\/li>\n<li>Puurmani<\/li>\n<li>Saduk\u00fcla<\/li>\n<li>Torma<\/li>\n<li>Vaimastvere<\/li>\n<li>V\u00f5isiku<\/li>\n<\/ol>\n<p>&nbsp;<\/p>\n<p>&nbsp;<\/p>\n","protected":false},"excerpt":{"rendered":"<p>Haruorganisatsioonid MT\u00dc J\u00f5geva Linna P\/\u00dc MT\u00dc P\u00f5ltsamaa Linna P\/\u00dc Mustvee Linna P\/\u00dc seltsing Adavere Esku Kaarepere Kuremaa Laiuse Pajusi Palamuse Puurmani Saduk\u00fcla Torma Vaimastvere V\u00f5isiku &nbsp; &nbsp;<\/p>\n","protected":false},"author":1,"featured_media":0,"parent":0,"menu_order":0,"comment_status":"closed","ping_status":"closed","template":"","meta":{"footnotes":""},"class_list":["post-15","page","type-page","status-publish","hentry"],"_links":{"self":[{"href":"http:\/\/www.eakad.ee\/jogeva\/wp-json\/wp\/v2\/pages\/15","targetHints":{"allow":["GET"]}}],"collection":[{"href":"http:\/\/www.eakad.ee\/jogeva\/wp-json\/wp\/v2\/pages"}],"about":[{"href":"http:\/\/www.eakad.ee\/jogeva\/wp-json\/wp\/v2\/types\/page"}],"author":[{"embeddable":true,"href":"http:\/\/www.eakad.ee\/jogeva\/wp-json\/wp\/v2\/users\/1"}],"replies":[{"embeddable":true,"href":"http:\/\/www.eakad.ee\/jogeva\/wp-json\/wp\/v2\/comments?post=15"}],"version-history":[{"count":1,"href":"http:\/\/www.eakad.ee\/jogeva\/wp-json\/wp\/v2\/pages\/15\/revisions"}],"predecessor-version":[{"id":16,"href":"http:\/\/www.eakad.ee\/jogeva\/wp-json\/wp\/v2\/pages\/15\/revisions\/16"}],"wp:attachment":[{"href":"http:\/\/www.eakad.ee\/jogeva\/wp-json\/wp\/v2\/media?parent=15"}],"curies":[{"name":"wp","href":"https:\/\/api.w.org\/{rel}","templated":true}]}}