{"id":25,"date":"2019-09-21T09:51:10","date_gmt":"2019-09-21T09:51:10","guid":{"rendered":"http:\/\/www.eakad.ee\/harju\/?page_id=25"},"modified":"2019-09-21T09:51:10","modified_gmt":"2019-09-21T09:51:10","slug":"tegemised","status":"publish","type":"page","link":"http:\/\/www.eakad.ee\/harju\/tegemised\/","title":{"rendered":"Tegemised"},"content":{"rendered":"\n<p>8. oktoobril peeti lustilist Vanavanemate p\u00e4eva Kloogal <\/p>\n\n\n\n<p>Tsiteerides klassikuid ,saab t\u00e4nast juttu alustada\nniimoodi\u2026.\u201d Kui k\u00f5ik ausalt \u00e4ra r\u00e4\u00e4kida siis tuleb alustada\u201d\u2026Juba eelmisel\naastal m\u00f5tles Rutt Meikar(MT\u00dc Lodij\u00e4rve P\u00dc esinaine)oma kogukonna vanavanemate\npeale ja korraldas KKNK imeilusa p\u00e4rastl\u00f5una, kuhu oli kutsutud Tabasalu\ntantsijad ja lauljad.Kuna see \u00fcritus \u00f5nnestus suurep\u00e4raselt,siis leidis see\nmitmekordne vanaema ja vanavanaema aega m\u00f5elda k\u00f5ikide valla vanavanemate\npeale.Selle asemel,et oodata millal keegi korraldaks selle olulise p\u00e4eva puhul\ns\u00fcdantsoojendava \u00fcrituse,v\u00f5ttis Rutt&nbsp; teist aasat j\u00e4rjest ohjad ise pihku\nja korraldas veel suurema peo.K\u00fclla oli kutsutud Marina Kaljurand,kes oma\nk\u00f5nes&nbsp; mainis \u00e4ra kui sarnane on diplomaadi ja vanaema roll, Eesti\nVabariigi P\u00dcL esimees Andres Ergma ja s\u00fcdant liigutava k\u00f5nega esines\nL\u00e4\u00e4ne-Harju vallavanem Jaanus Saat ja loomulikult lusti ja r\u00f5\u00f5mu pakkusid\nk\u00fclaliskollektiivid, Kundast, Tabasalust, Raikk\u00fclast, Riisiperest.<\/p>\n\n\n\n<p>T\u00e4nus\u00f5nad k\u00f5ikidele k\u00fclalistele,osalejatele ja nendele kes\naitasid \u00fcrituse kordaminemisele kaasa eriti suured t\u00e4nud Ago Kokserile.<\/p>\n\n\n\n<p>Tundes Rutti ma \u00fcldse ei imestaks kui j\u00e4rgmisel aasatal\nkorraldab ta samasuguse \u00fcrituse kogu vabariirigi vanavanematele. Me k\u00f5ik\npeaksime hoidma p\u00f5ialt ,et selliseid tegusaid vanavanemaid j\u00e4tkuks meie ellu\nveel pikkadesks aastateks.<\/p>\n\n\n\n<p>Tiina Mets<\/p>\n","protected":false},"excerpt":{"rendered":"<p>8. oktoobril peeti lustilist Vanavanemate p\u00e4eva Kloogal Tsiteerides klassikuid ,saab t\u00e4nast juttu alustada niimoodi\u2026.\u201d Kui k\u00f5ik ausalt \u00e4ra r\u00e4\u00e4kida siis tuleb alustada\u201d\u2026Juba eelmisel aastal m\u00f5tles Rutt Meikar(MT\u00dc Lodij\u00e4rve P\u00dc esinaine)oma kogukonna vanavanemate peale ja korraldas KKNK imeilusa p\u00e4rastl\u00f5una, kuhu oli &hellip; <a href=\"http:\/\/www.eakad.ee\/harju\/tegemised\/\">Continue reading <span class=\"meta-nav\">&rarr;<\/span><\/a><\/p>\n","protected":false},"author":1,"featured_media":0,"parent":0,"menu_order":0,"comment_status":"closed","ping_status":"closed","template":"","meta":{"footnotes":""},"class_list":["post-25","page","type-page","status-publish","hentry"],"_links":{"self":[{"href":"http:\/\/www.eakad.ee\/harju\/wp-json\/wp\/v2\/pages\/25","targetHints":{"allow":["GET"]}}],"collection":[{"href":"http:\/\/www.eakad.ee\/harju\/wp-json\/wp\/v2\/pages"}],"about":[{"href":"http:\/\/www.eakad.ee\/harju\/wp-json\/wp\/v2\/types\/page"}],"author":[{"embeddable":true,"href":"http:\/\/www.eakad.ee\/harju\/wp-json\/wp\/v2\/users\/1"}],"replies":[{"embeddable":true,"href":"http:\/\/www.eakad.ee\/harju\/wp-json\/wp\/v2\/comments?post=25"}],"version-history":[{"count":1,"href":"http:\/\/www.eakad.ee\/harju\/wp-json\/wp\/v2\/pages\/25\/revisions"}],"predecessor-version":[{"id":26,"href":"http:\/\/www.eakad.ee\/harju\/wp-json\/wp\/v2\/pages\/25\/revisions\/26"}],"wp:attachment":[{"href":"http:\/\/www.eakad.ee\/harju\/wp-json\/wp\/v2\/media?parent=25"}],"curies":[{"name":"wp","href":"https:\/\/api.w.org\/{rel}","templated":true}]}}