{"id":2,"date":"2018-11-21T07:57:01","date_gmt":"2018-11-21T07:57:01","guid":{"rendered":"http:\/\/www.eakad.ee\/harju\/?page_id=2"},"modified":"2018-12-13T11:26:33","modified_gmt":"2018-12-13T11:26:33","slug":"kontakt","status":"publish","type":"page","link":"http:\/\/www.eakad.ee\/harju\/kontakt\/","title":{"rendered":"Liikmed"},"content":{"rendered":"<p><strong>ANIJA vald<\/strong><\/p>\n<p><strong>\u00a0<\/strong>Aegviidu seltsing \u201eKuldne S\u00fcgis\u00a0\u00a0 Mare M\u00e4gi\u00a0\u00a0 5152110<\/p>\n<p>Kehra eakad\u00a0\u00a0 Milvi M\u00f6nd\u00a0\u00a0 53966156<\/p>\n<p>Voose k\u00fcla eakad\u00a0\u00a0 Anna Nilisk5234627<\/p>\n<p>Alavere eakad\u00a0\u00a0\u00a0\u00a0\u00a0\u00a0\u00a0\u00a0 Anna Nilisk\u00a0 52354627<\/p>\n<p>Pikva eakad\u00a0\u00a0 Maire Kruusam\u00e4gi\u00a0\u00a0 53586589<\/p>\n<p><strong>HARKU vald<\/strong><\/p>\n<p><strong>\u00a0<\/strong>Harku valla eakate klubi \u201eH\u00f5behall\u201d\u00a0 Mati Loit\u00a0 55900367<\/p>\n<p><strong>J\u00d5EL\u00c4HTME vald\u00a0 <\/strong><\/p>\n<p>Kostivere p\u00e4evakeskus \u201eMeie kodu\u201d\u00a0 Anne Kanne\u00a0 56285422<\/p>\n<p>Loo Kultuurimaja\u00a0 juures eakate ringid\u00a0 Kai M\u00fc\u00fcrsepp\u00a0 56462878<\/p>\n<p>&nbsp;<\/p>\n<p><strong>KEILA LINN<\/strong><\/p>\n<p>Keila linna pension\u00e4ride \u00fchendus\u00a0\u00a0 Evi Peterson\u00a0 5166362<\/p>\n<p><strong>L\u00c4\u00c4NE-HARJU vald<\/strong><\/p>\n<p><strong>\u00a0<\/strong>Lodij\u00e4rve Pension\u00e4ride \u00dchendus\u00a0\u00a0\u00a0 Rutt Meikar\u00a0 5167602<\/p>\n<p>Padise eakad\u00a0\u00a0 Maret V\u00e4ljari\u00a0\u00a0 53309957<\/p>\n<p><strong>KIILI\u00a0 vald<\/strong><\/p>\n<p><strong>\u00a0<\/strong>Kiili rahvamaja juures tantsring \u201eAgo ja memmed\u201d\u00a0\u00a0\u00a0 6040344<\/p>\n<p>lauluans. \u201eElur\u00f5\u00f5m\u201d<\/p>\n<p>k\u00e4sit\u00f6\u00f6<\/p>\n<p>Nabala eakad\u00a0\u00a0\u00a0 Lii Luup\u00a0\u00a0 53417756<\/p>\n<p><strong>KOSE vald<\/strong><\/p>\n<p><strong>\u00a0<\/strong>Kose\u00a0 \u201eElul\u00f5ng\u201d\u00a0 Mare Algre\u00a0 67562021<\/p>\n<p>Kose-Uuem\u00f5isa\u00a0 \u201eS\u00fcgisr\u00f5\u00f5m\u201d\u00a0 Valve Lepp\u00a0\u00a0 5535602<\/p>\n<p>Oru m\u00f5isa klubi\u00a0\u00a0\u00a0 Milvi Nokkur\u00a0 5168664<\/p>\n<p>Ardu \u201eKuldne S\u00fcgis\u201d\u00a0\u00a0\u00a0 Urve Veelaid\u00a0 56739227<\/p>\n<p>Habaja \u201eH\u00d5BEJUUS\u201d\u00a0\u00a0\u00a0 Viivi Laanet5209457<\/p>\n<p>Ardu ans. \u201e\u00dcLLATUS\u201d\u00a0\u00a0 Marika Leppik<\/p>\n<p><strong>LOKSA linn<\/strong><\/p>\n<p><strong>\u00a0<\/strong>Loksa Pension\u00e4ride \u00dchendus \u201eRannam\u00e4nnid\u201d\u00a0 Laivi Kirsipuu\u00a0 55512094<\/p>\n<p><strong>RAASIKU vald<\/strong><\/p>\n<p><strong>\u00a0<\/strong>Aruk\u00fcla Pension\u00e4ride \u00dchendus Garina Toomingas\u00a0\u00a0 6070568<\/p>\n<p><strong>RAE\u00a0 vald<\/strong><\/p>\n<h4>RAE valla eakate huviklubi\u00a0\u00a0 Virve Sepp\u00a0 56474797<\/h4>\n<p><strong>SAKU vald<\/strong><\/p>\n<p>Saku pension\u00e4ride \u00dchendus \u201eElukaar\u201d\u00a0 J\u00fcri Soome 53434241<\/p>\n<p>Kiisa Ki-Ku-To-Ro\u00a0 Arvo Rander\u00a0 55691353<\/p>\n<p>Kajamaa eakad\u00a0\u00a0 Elve Viitamees56500767<\/p>\n<p><strong>\u00a0<\/strong><strong>SAUE vald<\/strong><\/p>\n<p>Saue linn\u00a0\u00a0\u00a0 klubi \u201eTammet\u00f5ru\u201d<\/p>\n<p>Eakate Naiste Selts \u201ePihlamari\u201d\u00a0\u00a0 Elju Vakkermann\u00a0 5272715<\/p>\n<p>H\u00fc\u00fcru Eakate Selts \u201eS\u00fcgiskuld\u201d\u00a0 Mai Endla\u00a0 59196353<\/p>\n<p>\u00c4\u00e4sm\u00e4e Pension\u00e4ride \u00dchendus \u201eS\u00fcgis\u201d\u00a0 Olvi Suurk\u00fctt\u00a0 51922211<\/p>\n<p>Vanam\u00f5isaseltsimaja eakate klubi\u00a0\u00a0 Aino Kiirend\u00a0 53809386<\/p>\n<p>Valingu-Aila k\u00fcla eakad\u00a0 Taimi Raigo 56945287<\/p>\n<p>Maidla eakad\u00a0 Maire Pentik\u00e4inen 55959846<\/p>\n<p><strong>VIIMSI vald<\/strong><\/p>\n<p>Viimsi Pension\u00e4ride \u00dchendus<\/p>\n<p>&nbsp;<\/p>\n<p>&nbsp;<\/p>\n","protected":false},"excerpt":{"rendered":"<p>ANIJA vald \u00a0Aegviidu seltsing \u201eKuldne S\u00fcgis\u00a0\u00a0 Mare M\u00e4gi\u00a0\u00a0 5152110 Kehra eakad\u00a0\u00a0 Milvi M\u00f6nd\u00a0\u00a0 53966156 Voose k\u00fcla eakad\u00a0\u00a0 Anna Nilisk5234627 Alavere eakad\u00a0\u00a0\u00a0\u00a0\u00a0\u00a0\u00a0\u00a0 Anna Nilisk\u00a0 52354627 Pikva eakad\u00a0\u00a0 Maire Kruusam\u00e4gi\u00a0\u00a0 53586589 HARKU vald \u00a0Harku valla eakate klubi \u201eH\u00f5behall\u201d\u00a0 Mati Loit\u00a0 55900367 J\u00d5EL\u00c4HTME &hellip; <a href=\"http:\/\/www.eakad.ee\/harju\/kontakt\/\">Continue reading <span class=\"meta-nav\">&rarr;<\/span><\/a><\/p>\n","protected":false},"author":3,"featured_media":0,"parent":0,"menu_order":0,"comment_status":"closed","ping_status":"open","template":"","meta":{"footnotes":""},"class_list":["post-2","page","type-page","status-publish","hentry"],"_links":{"self":[{"href":"http:\/\/www.eakad.ee\/harju\/wp-json\/wp\/v2\/pages\/2","targetHints":{"allow":["GET"]}}],"collection":[{"href":"http:\/\/www.eakad.ee\/harju\/wp-json\/wp\/v2\/pages"}],"about":[{"href":"http:\/\/www.eakad.ee\/harju\/wp-json\/wp\/v2\/types\/page"}],"author":[{"embeddable":true,"href":"http:\/\/www.eakad.ee\/harju\/wp-json\/wp\/v2\/users\/3"}],"replies":[{"embeddable":true,"href":"http:\/\/www.eakad.ee\/harju\/wp-json\/wp\/v2\/comments?post=2"}],"version-history":[{"count":3,"href":"http:\/\/www.eakad.ee\/harju\/wp-json\/wp\/v2\/pages\/2\/revisions"}],"predecessor-version":[{"id":19,"href":"http:\/\/www.eakad.ee\/harju\/wp-json\/wp\/v2\/pages\/2\/revisions\/19"}],"wp:attachment":[{"href":"http:\/\/www.eakad.ee\/harju\/wp-json\/wp\/v2\/media?parent=2"}],"curies":[{"name":"wp","href":"https:\/\/api.w.org\/{rel}","templated":true}]}}